{"id":26,"date":"2016-12-30T17:26:14","date_gmt":"2016-12-30T16:26:14","guid":{"rendered":"http:\/\/www.internazemenova.cz\/?page_id=26"},"modified":"2026-05-03T22:11:19","modified_gmt":"2026-05-03T20:11:19","slug":"uvodni-stranka","status":"publish","type":"page","link":"https:\/\/www.internazemenova.cz\/","title":{"rendered":"\u00davodn\u00ed str\u00e1nka"},"content":{"rendered":"<p><span style=\"color: #ff6600;\"><strong><span style=\"font-family: Arial, sans-serif;\"><span style=\"font-size: large;\">V\u00edtejte v ambulanci intern\u00edho a praktick\u00e9ho l\u00e9ka\u0159e<\/span><\/span><\/strong><\/span><\/p>\n<p><span style=\"color: #ff6600;\"><strong><span style=\"font-family: Arial, sans-serif;\"><span style=\"font-size: large;\">MUDr. Michaela Zemenov\u00e1<\/span><\/span><\/strong><\/span><\/p>\n<h1 class=\"western\"><span style=\"color: #ff6600;\"><strong><span style=\"text-decoration: underline;\">Aktu\u00e1ln\u011b<\/span>: <\/strong><\/span><\/h1>\n<h1 class=\"western\" style=\"text-align: center;\"><span style=\"text-decoration: underline;\">DOVOLEN\u00c1<\/span><\/h1>\n<h2 class=\"western\" style=\"text-align: center;\"><span style=\"text-decoration: underline;\">6.5.2026 -7.5.2026<\/span>&#8211; neordinujeme z d\u016fvodu dovolen\u00e9<\/h2>\n<p style=\"text-align: center;\"><strong>V akutn\u00edch p\u0159\u00edpadech zastupuje v Doln\u00edch Kounic\u00edch MUDr. Chl\u00e1dkov\u00e1<\/strong><\/p>\n<h3 class=\"western\" style=\"text-align: center;\"><span style=\"color: #333333;\">E-recept mo\u017eno objednat SMS na tel. 735 177 190,<\/span><\/h3>\n<h3 class=\"western\" style=\"text-align: center;\"><span style=\"color: #333333;\">ev. email: zemenova@seznam.cz<\/span><\/h3>\n<p>\u00a0<\/p>\n<h2>\u00a0<\/h2>\n<h2 class=\"western\" style=\"text-align: center;\"><span style=\"color: #993300;\"><strong><span style=\"text-decoration: underline;\">DO\u010cASN\u00c1 \u00daPRAVA ORDINA\u010cN\u00cd DOBY<\/span> <\/strong><\/span><\/h2>\n<h3 class=\"western\" style=\"text-align: center;\"><span style=\"color: #808080;\"><strong>Od 1.1.2022 do odvol\u00e1n\u00ed bude ve st\u0159edu ordinace v Doln\u00edch Kounic\u00edch 10.00 &#8211; 17.00.<\/strong><\/span><\/h3>\n<h3 class=\"western\" style=\"text-align: center;\"><span style=\"color: #808080;\"><strong>Ordina\u010dn\u00ed hodiny v pond\u011bl\u00ed a p\u00e1tek beze zm\u011bny.<br \/><\/strong><\/span><\/h3>\n<h2>\u00a0<\/h2>\n<h2 style=\"text-align: center;\"><span style=\"text-decoration: underline; color: #993300;\"><strong>UPOZORN\u011aN\u00cd !!!<\/strong><\/span><\/h2>\n<div>\n<div id=\"x3faf72cace244f158c9c7133463f4905\">\n<div id=\"x20a35f8e891348d\">\n<div id=\"x3b69cca51b9343b\">\n<div id=\"x9f58d1c3b9c1427cbe98c00d8a8f83a1\">\n<h3 style=\"text-align: left;\"><strong>\u00a0<span style=\"color: #808080;\"> <u>U objednan\u00fdch pacient\u016f je nutno dodr\u017eovat stanoven\u00fd \u010das n\u00e1v\u0161t\u011bvy !! <\/u><\/span><\/strong><\/h3>\n<\/div>\n<\/div>\n<\/div>\n<\/div>\n<\/div>\n<h3 style=\"text-align: left;\"><span style=\"color: #808080;\"><strong><u>Akutn\u00ed stavy a nov\u00ed pacienti si mus\u00ed p\u0159edem telefonicky dohodnout term\u00edn n\u00e1v\u0161t\u011bvy, aby nedoch\u00e1zelo ke kumulaci pacient\u016f v \u010dek\u00e1rn\u011b. <\/u><\/strong><\/span><\/h3>\n<h3 style=\"text-align: left;\"><span style=\"color: #808080;\"><strong><u>Pro objedn\u00e1v\u00e1n\u00ed recept\u016f, konzultace v\u00fdsledk\u016f, objedn\u00e1n\u00ed k vy\u0161et\u0159en\u00ed volejte mezi 13.00-14.30, v p\u00e1tek 11.30-12.30.<\/u><\/strong><\/span><\/h3>\n<h3 style=\"text-align: left;\"><span style=\"color: #808080;\"><strong><u>Pokud pot\u0159ebujete pouze zaslat e-recept, mo\u017eno objednat cestou SMS &#8211; tel.<\/u> 735 177 190<u><br \/><\/u><\/strong><\/span><\/h3>\n<h3 style=\"text-align: left;\" align=\"CENTER\">\u00a0<\/h3>\n<h3 class=\"western\" style=\"text-align: center;\" align=\"CENTER\"><span style=\"color: #808080;\"><strong>tel: 735 177 190 <\/strong><\/span><\/h3>\n<h4 class=\"western\" style=\"text-align: center;\" align=\"CENTER\"><span style=\"color: #808080;\"><strong>e-mail:zemenova@seznam.cz\u00a0<u> <\/u><\/strong><\/span><\/h4>\n<h3 style=\"text-align: center;\">\u00a0<\/h3>\n<h2 style=\"text-align: left;\"><span style=\"color: #333333;\"><strong><span style=\"color: #333333;\">\u00a0<\/span><\/strong><\/span><\/h2>\n<h2 class=\"western\"><span style=\"color: #333333;\"><strong>\u00a0<\/strong><\/span><\/h2>\n\n\n<p><\/p>\n","protected":false},"excerpt":{"rendered":"<p>V\u00edtejte v ambulanci intern\u00edho a praktick\u00e9ho l\u00e9ka\u0159e MUDr. Michaela Zemenov\u00e1 Aktu\u00e1ln\u011b: DOVOLEN\u00c1 6.5.2026 -7.5.2026&#8211; neordinujeme z d\u016fvodu dovolen\u00e9 V akutn\u00edch p\u0159\u00edpadech zastupuje v Doln\u00edch Kounic\u00edch MUDr. Chl\u00e1dkov\u00e1 E-recept mo\u017eno objednat SMS na tel. 735 177 190, ev. email: zemenova@seznam.cz \u00a0 &hellip; <a href=\"https:\/\/www.internazemenova.cz\/\">Cel\u00fd p\u0159\u00edsp\u011bvek <span class=\"meta-nav\">&rarr;<\/span><\/a><\/p>\n","protected":false},"author":1,"featured_media":0,"parent":0,"menu_order":1,"comment_status":"closed","ping_status":"closed","template":"onecolumn-page.php","meta":[],"_links":{"self":[{"href":"https:\/\/www.internazemenova.cz\/index.php?rest_route=\/wp\/v2\/pages\/26"}],"collection":[{"href":"https:\/\/www.internazemenova.cz\/index.php?rest_route=\/wp\/v2\/pages"}],"about":[{"href":"https:\/\/www.internazemenova.cz\/index.php?rest_route=\/wp\/v2\/types\/page"}],"author":[{"embeddable":true,"href":"https:\/\/www.internazemenova.cz\/index.php?rest_route=\/wp\/v2\/users\/1"}],"replies":[{"embeddable":true,"href":"https:\/\/www.internazemenova.cz\/index.php?rest_route=%2Fwp%2Fv2%2Fcomments&post=26"}],"version-history":[{"count":201,"href":"https:\/\/www.internazemenova.cz\/index.php?rest_route=\/wp\/v2\/pages\/26\/revisions"}],"predecessor-version":[{"id":488,"href":"https:\/\/www.internazemenova.cz\/index.php?rest_route=\/wp\/v2\/pages\/26\/revisions\/488"}],"wp:attachment":[{"href":"https:\/\/www.internazemenova.cz\/index.php?rest_route=%2Fwp%2Fv2%2Fmedia&parent=26"}],"curies":[{"name":"wp","href":"https:\/\/api.w.org\/{rel}","templated":true}]}}