{"id":29,"date":"2016-12-30T17:29:55","date_gmt":"2016-12-30T16:29:55","guid":{"rendered":"http:\/\/www.internazemenova.cz\/?page_id=29"},"modified":"2017-01-01T22:41:12","modified_gmt":"2017-01-01T21:41:12","slug":"ceniky-vykonu","status":"publish","type":"page","link":"https:\/\/www.internazemenova.cz\/?page_id=29","title":{"rendered":"Cen\u00edky v\u00fdkon\u016f"},"content":{"rendered":"<p align=\"CENTER\">\n<p align=\"CENTER\"><span style=\"font-family: Arial,sans-serif;\"><span style=\"font-size: xx-large;\"><b><u>Ceny l\u00e9ka\u0159sk\u00fdch v\u00fdkon\u016f<br \/>\nnehrazen\u00fdch poji\u0161\u0165ovnami<\/u><\/b><\/span><\/span><\/p>\n<table border=\"1\" width=\"100%\" cellspacing=\"0\" cellpadding=\"4\">\n<colgroup>\n<col width=\"192*\" \/>\n<col width=\"64*\" \/> <\/colgroup>\n<tbody>\n<tr valign=\"TOP\">\n<td width=\"75%\">\n<ul>\n<li><span style=\"font-family: Arial,sans-serif;\"><span style=\"font-size: large;\">vstupn\u00ed a v\u00fdstupn\u00ed vy\u0161et\u0159en\u00ed do zam\u011bstn\u00e1n\u00ed<\/span><\/span><\/li>\n<\/ul>\n<\/td>\n<td width=\"25%\">\n<p align=\"RIGHT\"><span style=\"color: #000000;\"><span style=\"font-family: Arial,sans-serif;\"><span style=\"font-size: large;\">300,00 K\u010d<\/span><\/span><\/span><\/p>\n<\/td>\n<\/tr>\n<tr valign=\"TOP\">\n<td width=\"75%\">\n<ul>\n<li><span style=\"font-family: Arial,sans-serif;\"><span style=\"font-size: large;\">\u0159idi\u010dsk\u00fd pr\u016fkaz \/ v\u010d. prohl\u00eddky po 60. roce<\/span><\/span><\/li>\n<\/ul>\n<\/td>\n<td width=\"25%\">\n<p align=\"RIGHT\"><span style=\"color: #000000;\"><span style=\"font-family: Arial,sans-serif;\"><span style=\"font-size: large;\">300,00 K\u010d<\/span><\/span><\/span><\/p>\n<\/td>\n<\/tr>\n<tr valign=\"TOP\">\n<td width=\"75%\">\n<ul>\n<li><span style=\"font-family: Arial,sans-serif;\"><span style=\"font-size: large;\">profesn\u00ed pr\u016fkazy<\/span><\/span><\/li>\n<\/ul>\n<\/td>\n<td width=\"25%\">\n<p align=\"RIGHT\"><span style=\"color: #000000;\"><span style=\"font-family: Arial,sans-serif;\"><span style=\"font-size: large;\">300,00 K\u010d<\/span><\/span><\/span><\/p>\n<\/td>\n<\/tr>\n<tr valign=\"TOP\">\n<td width=\"75%\">\n<ul>\n<li><span style=\"font-family: Arial,sans-serif;\"><span style=\"font-size: large;\">vy\u0161et\u0159en\u00ed sportovc\u016f<\/span><\/span><\/li>\n<\/ul>\n<\/td>\n<td width=\"25%\">\n<p align=\"RIGHT\"><span style=\"color: #000000;\"><span style=\"font-family: Arial,sans-serif;\"><span style=\"font-size: large;\">300,00 K\u010d<\/span><\/span><\/span><\/p>\n<\/td>\n<\/tr>\n<tr valign=\"TOP\">\n<td width=\"75%\">\n<ul>\n<li><span style=\"font-family: Arial,sans-serif;\"><span style=\"font-size: large;\">prvn\u00ed vy\u0161et\u0159en\u00ed ke zbroj.pr\u016fkazu<\/span><\/span><\/li>\n<\/ul>\n<\/td>\n<td width=\"25%\">\n<p align=\"RIGHT\"><span style=\"color: #000000;\"><span style=\"font-family: Arial,sans-serif;\"><span style=\"font-size: large;\">400,00 K\u010d<\/span><\/span><\/span><\/p>\n<\/td>\n<\/tr>\n<tr valign=\"TOP\">\n<td width=\"75%\">\n<ul>\n<li><span style=\"font-family: Arial,sans-serif;\"><span style=\"font-size: large;\">kontroln\u00ed vy\u0161et\u0159en\u00ed ke zbroj pr\u016fkazu<\/span><\/span><\/li>\n<\/ul>\n<\/td>\n<td width=\"25%\">\n<p align=\"RIGHT\"><span style=\"color: #000000;\"><span style=\"font-family: Arial,sans-serif;\"><span style=\"font-size: large;\">250,00 K\u010d<\/span><\/span><\/span><\/p>\n<\/td>\n<\/tr>\n<tr valign=\"TOP\">\n<td width=\"75%\">\n<ul>\n<li><span style=\"font-family: Arial,sans-serif;\"><span style=\"font-size: large;\">vy\u0161et\u0159en\u00ed pro l\u00e1zn\u011b u samopl\u00e1tce<\/span><\/span><\/li>\n<\/ul>\n<\/td>\n<td width=\"25%\">\n<p align=\"RIGHT\"><span style=\"color: #000000;\"><span style=\"font-family: Arial,sans-serif;\"><span style=\"font-size: large;\">300,00 K\u010d<\/span><\/span><\/span><\/p>\n<\/td>\n<\/tr>\n<tr valign=\"TOP\">\n<td width=\"75%\">\n<ul>\n<li><span style=\"font-family: Arial,sans-serif;\"><span style=\"font-size: large;\">zdravotn\u00ed pr\u016fkaz \/bez pom.vy\u0161et\u0159en\u00ed\/<\/span><\/span><\/li>\n<\/ul>\n<\/td>\n<td width=\"25%\">\n<p align=\"RIGHT\"><span style=\"color: #000000;\"><span style=\"font-family: Arial,sans-serif;\"><span style=\"font-size: large;\">200,00 K\u010d<\/span><\/span><\/span><\/p>\n<\/td>\n<\/tr>\n<tr valign=\"TOP\">\n<td width=\"75%\">\n<ul>\n<li><span style=\"font-family: Arial,sans-serif;\"><span style=\"font-size: large;\">vypln\u011bn\u00ed ozn\u00e1men\u00ed \u00farazu poji\u0161\u0165ovn\u011b<\/span><\/span><\/li>\n<\/ul>\n<\/td>\n<td width=\"25%\">\n<p align=\"RIGHT\"><span style=\"color: #000000;\"><span style=\"font-family: Arial,sans-serif;\"><span style=\"font-size: large;\">100,00 K\u010d<\/span><\/span><\/span><\/p>\n<\/td>\n<\/tr>\n<tr valign=\"TOP\">\n<td width=\"75%\">\n<ul>\n<li><span style=\"font-family: Arial,sans-serif;\"><span style=\"font-size: large;\">bodov\u00e9 posouzen\u00ed prac.\u00farazu<\/span><\/span><\/li>\n<\/ul>\n<\/td>\n<td width=\"25%\">\n<p align=\"RIGHT\"><span style=\"color: #000000;\"><span style=\"font-family: Arial,sans-serif;\"><span style=\"font-size: large;\">80,00 K\u010d<\/span><\/span><\/span><\/p>\n<\/td>\n<\/tr>\n<tr valign=\"TOP\">\n<td width=\"75%\">\n<ul>\n<li><span style=\"font-family: Arial,sans-serif;\"><span style=\"font-size: large;\">pod\u00e1n\u00ed \u017ealosti do LDN<\/span><\/span><\/li>\n<\/ul>\n<\/td>\n<td width=\"25%\">\n<p align=\"RIGHT\"><span style=\"color: #000000;\"><span style=\"font-family: Arial,sans-serif;\"><span style=\"font-size: large;\">100,00 K\u010d<\/span><\/span><\/span><\/p>\n<\/td>\n<\/tr>\n<tr valign=\"TOP\">\n<td width=\"75%\">\n<ul>\n<li><span style=\"font-family: Arial,sans-serif;\"><span style=\"font-size: large;\">v\u00fdpis ze zdravotn\u00ed dokumentace na vy\u017e\u00e1dan\u00ed.<\/span><\/span><\/li>\n<\/ul>\n<\/td>\n<td width=\"25%\">\n<p align=\"RIGHT\"><span style=\"color: #000000;\"><span style=\"font-family: Arial,sans-serif;\"><span style=\"font-size: large;\">100,00 K\u010d<\/span><\/span><\/span><\/p>\n<\/td>\n<\/tr>\n<tr valign=\"TOP\">\n<td width=\"75%\">\n<ul>\n<li><span style=\"font-family: Arial,sans-serif;\"><span style=\"font-size: large;\">l\u00e9ka\u0159sk\u00e9 potvrzen\u00ed<\/span><\/span><\/li>\n<\/ul>\n<\/td>\n<td width=\"25%\">\n<p align=\"RIGHT\"><span style=\"color: #000000;\"><span style=\"font-family: Arial,sans-serif;\"><span style=\"font-size: large;\">50,00 K\u010d<\/span><\/span><\/span><\/p>\n<\/td>\n<\/tr>\n<tr valign=\"TOP\">\n<td width=\"75%\">\n<ul>\n<li><span style=\"font-family: Arial,sans-serif;\"><span style=\"font-size: large;\">\u017e\u00e1dost o soci\u00e1ln\u00ed d\u00e1vky<\/span><\/span><\/li>\n<\/ul>\n<\/td>\n<td width=\"25%\">\n<p align=\"RIGHT\"><span style=\"color: #000000;\"><span style=\"font-family: Arial,sans-serif;\"><span style=\"font-size: large;\">50,00 K\u010d<\/span><\/span><\/span><\/p>\n<\/td>\n<\/tr>\n<tr valign=\"TOP\">\n<td width=\"75%\">\n<ul>\n<li><span style=\"font-family: Arial,sans-serif;\"><span style=\"font-size: large;\">\u017e\u00e1dost do domova d\u016fchodc\u016f<\/span><\/span><\/li>\n<\/ul>\n<\/td>\n<td width=\"25%\">\n<p align=\"RIGHT\"><span style=\"color: #000000;\"><span style=\"font-family: Arial,sans-serif;\"><span style=\"font-size: large;\">300,00 K\u010d<\/span><\/span><\/span><\/p>\n<\/td>\n<\/tr>\n<\/tbody>\n<\/table>\n","protected":false},"excerpt":{"rendered":"<p>Ceny l\u00e9ka\u0159sk\u00fdch v\u00fdkon\u016f nehrazen\u00fdch poji\u0161\u0165ovnami vstupn\u00ed a v\u00fdstupn\u00ed vy\u0161et\u0159en\u00ed do zam\u011bstn\u00e1n\u00ed 300,00 K\u010d \u0159idi\u010dsk\u00fd pr\u016fkaz \/ v\u010d. prohl\u00eddky po 60. roce 300,00 K\u010d profesn\u00ed pr\u016fkazy 300,00 K\u010d vy\u0161et\u0159en\u00ed sportovc\u016f 300,00 K\u010d prvn\u00ed vy\u0161et\u0159en\u00ed ke zbroj.pr\u016fkazu 400,00 K\u010d kontroln\u00ed vy\u0161et\u0159en\u00ed ke &hellip; <a href=\"https:\/\/www.internazemenova.cz\/?page_id=29\">Cel\u00fd p\u0159\u00edsp\u011bvek <span class=\"meta-nav\">&rarr;<\/span><\/a><\/p>\n","protected":false},"author":1,"featured_media":0,"parent":0,"menu_order":4,"comment_status":"closed","ping_status":"closed","template":"onecolumn-page.php","meta":[],"_links":{"self":[{"href":"https:\/\/www.internazemenova.cz\/index.php?rest_route=\/wp\/v2\/pages\/29"}],"collection":[{"href":"https:\/\/www.internazemenova.cz\/index.php?rest_route=\/wp\/v2\/pages"}],"about":[{"href":"https:\/\/www.internazemenova.cz\/index.php?rest_route=\/wp\/v2\/types\/page"}],"author":[{"embeddable":true,"href":"https:\/\/www.internazemenova.cz\/index.php?rest_route=\/wp\/v2\/users\/1"}],"replies":[{"embeddable":true,"href":"https:\/\/www.internazemenova.cz\/index.php?rest_route=%2Fwp%2Fv2%2Fcomments&post=29"}],"version-history":[{"count":4,"href":"https:\/\/www.internazemenova.cz\/index.php?rest_route=\/wp\/v2\/pages\/29\/revisions"}],"predecessor-version":[{"id":45,"href":"https:\/\/www.internazemenova.cz\/index.php?rest_route=\/wp\/v2\/pages\/29\/revisions\/45"}],"wp:attachment":[{"href":"https:\/\/www.internazemenova.cz\/index.php?rest_route=%2Fwp%2Fv2%2Fmedia&parent=29"}],"curies":[{"name":"wp","href":"https:\/\/api.w.org\/{rel}","templated":true}]}}