{"id":41,"date":"2017-01-01T21:34:24","date_gmt":"2017-01-01T20:34:24","guid":{"rendered":"http:\/\/www.internazemenova.cz\/?page_id=41"},"modified":"2019-01-02T08:16:28","modified_gmt":"2019-01-02T07:16:28","slug":"provadena-vysetreni","status":"publish","type":"page","link":"https:\/\/www.internazemenova.cz\/?page_id=41","title":{"rendered":"Prov\u00e1d\u011bn\u00e1 vy\u0161et\u0159en\u00ed"},"content":{"rendered":"<p><span style=\"font-family: Arial,sans-serif;\"><u><b>Intern\u00ed ambulance:<\/b><\/u><\/span><\/p>\n<ul>\n<li><span style=\"font-family: Arial,sans-serif;\">\u0161irok\u00e1 diferenci\u00e1ln\u00ed diagnostika bolest\u00ed na hrudi, du\u0161nosti, kolapsov\u00fdch stav\u016f<\/span><\/li>\n<li><span style=\"font-family: Arial,sans-serif;\">diagnostika a terapie poruch srde\u010dn\u00edho rytmu<\/span><\/li>\n<li><span style=\"font-family: Arial,sans-serif;\">diagnostika a terapie ICHS, p\u00e9\u010de o pacienty po IM a kardiologick\u00fdch v\u00fdkonech<\/span><\/li>\n<li><span style=\"font-family: Arial,sans-serif;\">indikace k invazivn\u00edm a neinvazivn\u00edm kardiologick\u00fdm vy\u0161et\u0159en\u00edm<\/span><\/li>\n<li><span style=\"font-family: Arial,sans-serif;\">diagnostika a terapie hypertenze<\/span><\/li>\n<li><span style=\"font-family: Arial,sans-serif;\">terapie diabetu<\/span><\/li>\n<li><span style=\"font-family: Arial,sans-serif;\">komplexn\u00ed p\u00e9\u010de o nemocn\u00e9 s onemocn\u011bn\u00edm vnit\u0159n\u00edch org\u00e1n\u016f<\/span><\/li>\n<li><span style=\"font-family: Arial,sans-serif;\">EKG vy\u0161et\u0159en\u00ed <\/span><\/li>\n<li><span style=\"font-family: Arial,sans-serif;\">p\u0159edopera\u010dn\u00ed vy\u0161et\u0159en\u00ed<\/span><\/li>\n<li><span style=\"font-family: Arial,sans-serif;\">ambulantn\u00ed infuzn\u00ed terapie<\/span><\/li>\n<li><span style=\"font-family: Arial,sans-serif;\">24 hodinov\u00e9 ambulantn\u00ed monitorov\u00e1n\u00ed krevn\u00edho tlaku (TK holter)<\/span><\/li>\n<li><span style=\"font-family: Arial,sans-serif;\">EKG Holter- 24 hodinov\u00e9 monitorov\u00e1n\u00ed srde\u010dn\u00edho rytmu\u00a0 <\/span><\/li>\n<\/ul>\n<p><span style=\"font-family: Arial,sans-serif;\"><u><b>Ambulance praktick\u00e9ho l\u00e9ka\u0159e:<\/b><\/u><\/span><\/p>\n<ul>\n<li><span style=\"font-family: Arial,sans-serif;\">z\u00e1kladn\u00ed komplexn\u00ed vy\u0161et\u0159en\u00ed zdravotn\u00edho stavu pacienta<\/span><\/li>\n<li><span style=\"font-family: Arial,sans-serif;\">preventivn\u00ed prohl\u00eddky<\/span><\/li>\n<li><span style=\"font-family: Arial,sans-serif;\">o\u010dkov\u00e1n\u00ed proti tetanu, nepovinn\u00e1 a dobrovoln\u00e1 o\u010dkov\u00e1n\u00ed <\/span><\/li>\n<li><span style=\"font-family: Arial,sans-serif;\">\u00fakony nad r\u00e1mec hrazen\u00fdch slu\u017eeb dle aktu\u00e1ln\u00edho cen\u00edku<\/span><\/li>\n<li><span style=\"font-family: Arial,sans-serif;\">dal\u0161\u00ed v\u00fdkony dle dohody<\/span><\/li>\n<\/ul>\n","protected":false},"excerpt":{"rendered":"<p>Intern\u00ed ambulance: \u0161irok\u00e1 diferenci\u00e1ln\u00ed diagnostika bolest\u00ed na hrudi, du\u0161nosti, kolapsov\u00fdch stav\u016f diagnostika a terapie poruch srde\u010dn\u00edho rytmu diagnostika a terapie ICHS, p\u00e9\u010de o pacienty po IM a kardiologick\u00fdch v\u00fdkonech indikace k invazivn\u00edm a neinvazivn\u00edm kardiologick\u00fdm vy\u0161et\u0159en\u00edm diagnostika a terapie hypertenze &hellip; <a href=\"https:\/\/www.internazemenova.cz\/?page_id=41\">Cel\u00fd p\u0159\u00edsp\u011bvek <span class=\"meta-nav\">&rarr;<\/span><\/a><\/p>\n","protected":false},"author":1,"featured_media":0,"parent":0,"menu_order":2,"comment_status":"closed","ping_status":"closed","template":"onecolumn-page.php","meta":[],"_links":{"self":[{"href":"https:\/\/www.internazemenova.cz\/index.php?rest_route=\/wp\/v2\/pages\/41"}],"collection":[{"href":"https:\/\/www.internazemenova.cz\/index.php?rest_route=\/wp\/v2\/pages"}],"about":[{"href":"https:\/\/www.internazemenova.cz\/index.php?rest_route=\/wp\/v2\/types\/page"}],"author":[{"embeddable":true,"href":"https:\/\/www.internazemenova.cz\/index.php?rest_route=\/wp\/v2\/users\/1"}],"replies":[{"embeddable":true,"href":"https:\/\/www.internazemenova.cz\/index.php?rest_route=%2Fwp%2Fv2%2Fcomments&post=41"}],"version-history":[{"count":3,"href":"https:\/\/www.internazemenova.cz\/index.php?rest_route=\/wp\/v2\/pages\/41\/revisions"}],"predecessor-version":[{"id":167,"href":"https:\/\/www.internazemenova.cz\/index.php?rest_route=\/wp\/v2\/pages\/41\/revisions\/167"}],"wp:attachment":[{"href":"https:\/\/www.internazemenova.cz\/index.php?rest_route=%2Fwp%2Fv2%2Fmedia&parent=41"}],"curies":[{"name":"wp","href":"https:\/\/api.w.org\/{rel}","templated":true}]}}