{"id":9,"date":"2016-12-30T16:41:29","date_gmt":"2016-12-30T15:41:29","guid":{"rendered":"http:\/\/www.internazemenova.cz\/?page_id=9"},"modified":"2018-01-28T13:43:25","modified_gmt":"2018-01-28T12:43:25","slug":"kontakty","status":"publish","type":"page","link":"https:\/\/www.internazemenova.cz\/?page_id=9","title":{"rendered":"Kontakty"},"content":{"rendered":"<p><span style=\"font-family: Arial,sans-serif;\">Ambulance DK, s.r.o.<br \/>\nMUDr. Michaela Zemenov\u00e1<\/span><\/p>\n<p><span style=\"font-family: Arial,sans-serif;\">Masarykovo n\u00e1m\u011bst\u00ed 828\/1a<br \/>\n664 64 Doln\u00ed Kounice<\/span><\/p>\n<p><span style=\"font-family: Arial,sans-serif;\">Provozovna Hustope\u010de:<br \/>\n<a href=\"http:\/\/www.medicentrum-hustopece.cz\/mudr.-michaela-zemenova\">Medicentrum<\/a><br \/>\nBrn\u011bnsk\u00e1 27a<br \/>\n693 01 Hustope\u010de<\/span><\/p>\n<p><span style=\"font-family: Arial,sans-serif;\">I\u010cO: 03475638 <\/span><\/p>\n<p><span style=\"font-family: Arial,sans-serif;\">Tel.: +420 735 177 190 MUDr. Michaela Zemenov\u00e1<br \/>\nTel.: +420 604 146 468 MUDr. Jaroslav Jarol\u00edm<br \/>\n<\/span><\/p>\n<p><span style=\"font-family: Arial,sans-serif;\">\u00a0<\/span><\/p>\n","protected":false},"excerpt":{"rendered":"<p>Ambulance DK, s.r.o. MUDr. Michaela Zemenov\u00e1 Masarykovo n\u00e1m\u011bst\u00ed 828\/1a 664 64 Doln\u00ed Kounice Provozovna Hustope\u010de: Medicentrum Brn\u011bnsk\u00e1 27a 693 01 Hustope\u010de I\u010cO: 03475638 Tel.: +420 735 177 190 MUDr. Michaela Zemenov\u00e1 Tel.: +420 604 146 468 MUDr. Jaroslav Jarol\u00edm \u00a0<\/p>\n","protected":false},"author":1,"featured_media":0,"parent":0,"menu_order":5,"comment_status":"closed","ping_status":"closed","template":"onecolumn-page.php","meta":[],"_links":{"self":[{"href":"https:\/\/www.internazemenova.cz\/index.php?rest_route=\/wp\/v2\/pages\/9"}],"collection":[{"href":"https:\/\/www.internazemenova.cz\/index.php?rest_route=\/wp\/v2\/pages"}],"about":[{"href":"https:\/\/www.internazemenova.cz\/index.php?rest_route=\/wp\/v2\/types\/page"}],"author":[{"embeddable":true,"href":"https:\/\/www.internazemenova.cz\/index.php?rest_route=\/wp\/v2\/users\/1"}],"replies":[{"embeddable":true,"href":"https:\/\/www.internazemenova.cz\/index.php?rest_route=%2Fwp%2Fv2%2Fcomments&post=9"}],"version-history":[{"count":3,"href":"https:\/\/www.internazemenova.cz\/index.php?rest_route=\/wp\/v2\/pages\/9\/revisions"}],"predecessor-version":[{"id":115,"href":"https:\/\/www.internazemenova.cz\/index.php?rest_route=\/wp\/v2\/pages\/9\/revisions\/115"}],"wp:attachment":[{"href":"https:\/\/www.internazemenova.cz\/index.php?rest_route=%2Fwp%2Fv2%2Fmedia&parent=9"}],"curies":[{"name":"wp","href":"https:\/\/api.w.org\/{rel}","templated":true}]}}